{"id":6128,"date":"2022-07-26T10:36:50","date_gmt":"2022-07-26T08:36:50","guid":{"rendered":"http:\/\/www.bonanomisaulle.it\/cookie-policy\/"},"modified":"2023-06-20T10:24:50","modified_gmt":"2023-06-20T08:24:50","slug":"cookie-policy","status":"publish","type":"page","link":"https:\/\/www.bonanomisaulle.it\/de\/cookie-policy\/","title":{"rendered":"Cookie Policy"},"content":{"rendered":"<p><strong>Informativa privacy ai sensi dell&#8217;art.13 del regolamento UE 2016\/679<br \/>\n<\/strong><strong>Relativa ai trattamenti effettuati tramite il sito inclusi i cookie<\/strong><\/p>\n<p>Per noi la protezione dei dati \u00e8 un argomento molto serio per cui desideriamo informarLa in merito alla modalit\u00e0 con la quale i dati vengono trattati e ai diritti che Lei pu\u00f2 esercitare ai sensi del Regolamento UE 2016\/679 (di seguito anche: \u201cGDPR\u201d).<\/p>\n<ol>\n<li><strong> Titolare del trattamento <\/strong><\/li>\n<\/ol>\n<p><strong>Titolare del Trattamento<br \/>\n<\/strong><strong>Bonanomi Saulle S.p.a.<\/strong><br \/>\nVia in Via San Francesco d&#8217;Assisi, 7\/9, 22036 Erba, CO<\/p>\n<p>e-mail: <a href=\"mailto:privacy@bonanomisaulle.it\">privacy@bonanomisaulle.it<\/a><\/p>\n<ol start=\"2\">\n<li><strong>Le categorie di dati che vengono sottoposti a trattamento<\/strong><\/li>\n<\/ol>\n<p>I dati trattati dal Titolare sono \u201cdati personali\u201d (ex. Art. 4.1 del GDPR) da Lei conferiti.<br \/>\nIn particolare, le categorie di dati personali attinenti possono essere, a mero titolo esemplificativo ma certo non esaustivo:<\/p>\n<ul>\n<li>Eventuali dati anagrafici e identificativi (a mero titolo esemplificativo e non esaustivo, eventuale nome e cognome, ecc.);<\/li>\n<li>Eventuale dati di contatto (indirizzo IP, indirizzo e-mail, e dati similari) e dati di navigazione.<\/li>\n<\/ul>\n<p><strong>Trattamento dei dati utili ai fini della navigazione<\/strong><\/p>\n<p>I sistemi informatici e le procedure software preposte al funzionamento di questo sito web acquisiscono, nel corso del loro normale esercizio, alcuni dati personali la cui trasmissione \u00e8 implicita nell\u2019uso dei protocolli di comunicazione di Internet.<\/p>\n<p>Si tratta di informazioni che non sono raccolte per essere associate a interessati identificati, ma che per loro stessa natura potrebbero, attraverso elaborazioni ed associazioni con dati detenuti da terzi, permettere di identificare gli utenti.<\/p>\n<p>Tra le informazioni che possono essere raccolte abbiamo gli indirizzi IP, il tipo di browser o il sistema operativo utilizzato, gli indirizzi in notazione URI (Uniform Resource Identifier), il nome di dominio e gli indirizzi dei siti Web dai quali \u00e8 stato effettuato l&#8217;accesso o l\u2019uscita (referring\/exit pages), l\u2019orario in cui \u00e8 stata fatta la richiesta al server, il metodo utilizzato e informazioni sulla risposta ottenuta, ulteriori informazioni sulla navigazione dell\u2019utente nel sito (si veda anche la sezione relativa ai cookie) ed altri parametri relativi al sistema operativo e all\u2019ambiente informatico dell\u2019utente.<\/p>\n<p>Questi stessi dati potrebbero, essere altres\u00ec utilizzati per individuare ed accertare le responsabilit\u00e0 in caso di eventuali reati informatici ai danni del sito.<\/p>\n<p><strong>A cosa servono i Cookie?<\/strong><\/p>\n<p>Quando si visita qualsiasi sito Web, questo pu\u00f2 memorizzare o recuperare informazioni sul tuo browser, in gran parte sotto forma di cookie. Queste informazioni di solito non ti identificano direttamente e sono utilizzate in gran parte per far funzionare il sito anche secondo le tue aspettative.<br \/>\nLe seguenti informazioni sono rese all\u2019utente in attuazione del provvedimento del Garante per la protezione dei dati personali dell&#8217;8 maggio 2014 &#8222;Individuazione delle modalit\u00e0 semplificate per l&#8217;informativa e l&#8217;acquisizione del consenso per l&#8217;uso dei cookie&#8220;.<\/p>\n<p><strong>Che cosa sono i Cookie? E quali Cookie utilizziamo?<\/strong><\/p>\n<p>I cookie sono stringhe di testo di piccola dimensione che un sito web pu\u00f2 inviare, durante la navigazione, al tuo dispositivo (sia esso un pc, un notebook, uno smartphone, un tablet; di norma sono conservati direttamente sul browser utilizzato per la navigazione). Lo stesso sito web che li ha trasmessi, poi pu\u00f2 leggere e registrare i cookie che si trovano sullo stesso dispositivo per ottenere informazioni di vario tipo. Per ogni tipo di cookie c&#8217;\u00e8 un ruolo ben definito.<\/p>\n<p><strong>Quanti tipi di cookie esistono?<\/strong><\/p>\n<p>Esistono due macro-categorie fondamentali, con caratteristiche diverse: cookie tecnici e cookie di profilazione.<\/p>\n<p>I cookie tecnici sono generalmente necessari per il corretto funzionamento del sito web e per permettere la navigazione; senza di essi potresti non essere in grado di visualizzare correttamente le pagine oppure di utilizzare alcuni servizi. Per esempio, un cookie tecnico \u00e8 indispensabile per mantenere l&#8217;utente collegato durante tutta la visita a un sito web, oppure per memorizzare le impostazioni della lingua, della visualizzazione, e cos\u00ec via.<\/p>\n<p>I cookie tecnici utilizzati in questo sito possono essere ulteriormente distinti in<strong>:<\/strong><\/p>\n<p><strong>Cookie necessari<\/strong><\/p>\n<p>Questi cookie sono necessari per il funzionamento del sito, con particolare riferimento alla normale navigazione e alla fruizione dello stesso, e non possono essere disattivati nei nostri sistemi. Di solito vengono impostati solo in risposta alle azioni da te effettuate che costituiscono una richiesta di servizi. \u00c8 possibile impostare il browser per bloccare questi cookie, ma di conseguenza alcune o tutte le parti del sito non funzioneranno. Questi cookie non memorizzano informazioni personali e pertanto non viene richiesto il consenso per il loro utilizzo.<\/p>\n<p><strong>Cookie analitici<\/strong><\/p>\n<p>Questi cookie ci permettono di contare le visite e le fonti di traffico in modo da poter valutare e migliorare le prestazioni del nostro sito. Gli stessi sono utilizzati soltanto per raccogliere informazioni, in forma aggregata, sul numero degli utenti e su come questi visitano il sito stesso; inoltre, consentono di elaborare statistiche generali sul servizio. L\u2019utilizzo di tali cookie non prevede la richiesta di consenso in quanto sono stati adottati strumenti che non consentono l\u2019identificazione dell\u2019utente.<\/p>\n<p><strong>Cookie di profilazione<\/strong><\/p>\n<p><u>E\u2019 opportuno precisare sin da subito che Bonanomi Saulle \u00a0S.p.a. non utilizza cookies di profilazione.<\/u><\/p>\n<p>Questa ulteriore categoria di cookie viene utilizzata da molte aziende per tracciare la navigazione dell\u2019utente in rete e creare profili sui suoi gusti, abitudini, scelte, ecc. Questa tipologia di cookie di solito viene utilizzata per trasmettere all\u2019utente messaggi pubblicitari in linea con le preferenze manifestate dallo stesso durante la navigazione online.<\/p>\n<p>L\u2019utilizzo di tali cookie necessita dell\u2019acquisizione preventiva del libero consenso dell\u2019utente che il Sito acquisisce in coerenza con il Provvedimento del Garante dell\u20198 maggio del 2014 e ss. mm. ii.<\/p>\n<p><strong>I cookie possono, ancora, essere classificati come:<\/strong><\/p>\n<p>cookie di prima parte (first-part cookie) ossia cookie generati e gestiti direttamente dal soggetto gestore del sito web sul quale l&#8217;utente sta navigando.<\/p>\n<p>cookie di terza parte (third-part cookie), i quali sono generati e gestiti da soggetti diversi dal gestore del sito web sul quale l&#8217;utente sta navigando (in forza, di regola, di un contratto tra il titolare del sito web e la terza parte).<\/p>\n<p>Elenco dei cookie presenti sul sito <a href=\"https:\/\/www.bonanomisaulle.it\/\">https:\/\/www.bonanomisaulle.it\/<\/a> :<\/p>\n<table>\n<tbody>\n<tr>\n<td width=\"200\"><strong>COOKIE<\/strong><\/td>\n<td width=\"188\"><strong>DURATA<\/strong><\/td>\n<td width=\"127\"><strong>DESCRIZIONE<\/strong><\/td>\n<\/tr>\n<tr>\n<td width=\"200\"><strong>SpkCookieV2_<\/strong><\/td>\n<td width=\"188\">6 MESI<\/td>\n<td width=\"127\">Cookie bot che permette la selezione dei cookie da registrare<\/td>\n<\/tr>\n<tr>\n<td width=\"200\"><strong>CookieBarDisplayed<\/strong><\/td>\n<td width=\"188\">\u00a0Sessione<\/td>\n<td width=\"127\">Cookie bar display<\/td>\n<\/tr>\n<\/tbody>\n<\/table>\n<p>Vi informiamo che il presente file potrebbe essere oggetto di aggiornamenti nel tempo, in ottemperanza alle normative europee e nazionali in materia, pertanto ti invitiamo a controllare questa pagina costantemente al fine di prendere visione delle eventuali modifiche.<\/p>\n<p><strong>Quali sono i diritti dell\u2019interessato?<\/strong><\/p>\n<p>L\u2019interessato, in relazione ai dati personali oggetto della presente informativa, ha la facolt\u00e0 di esercitare i diritti previsti dal Regolamento UE di seguito riportati:<\/p>\n<ul>\n<li><strong>Diritto di accesso dell\u2019interessato [art. 15 del Regolamento UE]<\/strong>: l\u2019interessato ha diritto di ottenere dal titolare conferma che sia o meno in corso un trattamento dei propri dati personali e, in tal caso, l\u2019accesso alle informazioni espressamente previste dall\u2019articolo citato, tra cui a titolo esemplificativo e non esaustivo le finalit\u00e0 del trattamento, le categorie di dati e destinatari, il periodo di conservazione, l\u2019esistenza del diritto di cancellazione, rettifica o limitazione, il diritto di proporre reclamo, tutte le informazioni disponibili sull\u2019origine dei dati, l\u2019eventuale esistenza di un processo decisionale automatizzato ai sensi dell\u2019art. 22 del Regolamento, nonch\u00e9 copia dei propri dati personali.<\/li>\n<li><strong>Diritto di rettifica [art. 16 del Regolamento UE]<\/strong>: l\u2019interessato ha diritto di ottenere dal titolare la rettifica e\/o l\u2019integrazione dei dati personali inesatti che lo riguardano, senza ingiustificato ritardo;<\/li>\n<li><strong>Diritto alla cancellazione (\u201cdiritto all\u2019oblio\u201d) [art. 17 del Regolamento UE]<\/strong>: l\u2019interessato ha diritto alla cancellazione dei propri dati personali senza ingiustificato ritardo, se sussiste uno dei motivi espressamente previsti dall\u2019articolo citato, tra cui a titolo esemplificativo e non esaustivo il venir meno della necessit\u00e0 del trattamento rispetto alle finalit\u00e0, la revoca del consenso su cui si basa il trattamento, opposizione al trattamento nel caso in cui sia basato su interesse legittimo non prevalente, trattamento illecito dei dati, cancellazione per obblighi di legge, dati dei minori trattati in assenza delle condizioni di applicabilit\u00e0 previsto dall\u2019art. 8 del Regolamento;<\/li>\n<li><strong>Diritto di limitazione di trattamento [art. 18 del Regolamento UE]<\/strong>: nei casi previsti dall\u2019art. 18, tra cui il trattamento illecito, la contestazione dell\u2019esattezza dei dati, l\u2019opposizione dell\u2019interessato e il venir meno del bisogno trattamento da parte del titolare, i dati dell\u2019interessato devono essere trattati solo per la conservazione salvo il consenso dello stesso e gli altri casi previsti espressamente dall\u2019articolo citato;<\/li>\n<li><strong>Diritto alla portabilit\u00e0 dei dati [art. 20 del Regolamento UE]<\/strong>: l\u2019interessato, nei casi in cui il trattamento si basi sul consenso e sul contratto e sia effettuato con mezzi automatizzati, potr\u00e0 richiedere di ricevere i propri dati personali in formato strutturato, di uso comune e leggibile da dispositivo automatico, e ha diritto di trasmetterli a un altro titolare;<\/li>\n<li><strong>Diritto di opposizione [art. 21 del Regolamento UE]<\/strong>: l\u2019interessato ha diritto di opporsi al trattamento dei propri dati personali, nel caso in cui il trattamento sia basato su interesse legittimo non prevalente o venga effettuato per finalit\u00e0 di marketing diretto;<\/li>\n<li><strong>Diritto di non essere sottoposto a processi decisionale automatizzato [art. 22 del Regolamento UE]<\/strong>: l\u2019interessato ha diritto a non essere sottoposto ad una decisione, compresa la profilazione, basata unicamente sul trattamento automatizzato (ad esempio svolta esclusivamente tramite strumenti elettronici o programmi informatici).<\/li>\n<\/ul>\n<p>La descrizione sopra riportata non sostituisce il testo degli articoli ivi citati che qui si richiamano integralmente e alla cui lettura completa si rinvia:<\/p>\n<p><a href=\"https:\/\/www.garanteprivacy.it\/regolamentoue\/diritti-degli-interessati\">https:\/\/www.garanteprivacy.it\/regolamentoue\/diritti-degli-interessati<\/a><\/p>\n<p><strong>Esistono altri diritti?<\/strong><\/p>\n<p>L\u2019interessato, qualora ritenga che i propri diritti siano stati compromessi, ha diritto di proporre reclamo all\u2019Autorit\u00e0 Garante per la protezione dei dati personali, secondo le modalit\u00e0 indicate dalla stessa Autorit\u00e0.<\/p>\n","protected":false},"excerpt":{"rendered":"<p>Informativa privacy ai sensi dell&#8217;art.13 del regolamento UE 2016\/679 Relativa ai trattamenti effettuati tramite il sito inclusi i cookie Per noi la protezione dei dati \u00e8 un argomento molto serio per cui desideriamo informarLa in merito alla modalit\u00e0 con la quale i dati vengono trattati e ai diritti che Lei pu\u00f2 esercitare ai sensi del<\/p>\n","protected":false},"author":1,"featured_media":6518,"parent":0,"menu_order":0,"comment_status":"closed","ping_status":"closed","template":"","meta":{"footnotes":""},"class_list":["post-6128","page","type-page","status-publish","has-post-thumbnail","hentry"],"yoast_head":"<!-- This site is optimized with the Yoast SEO plugin v27.5 - https:\/\/yoast.com\/product\/yoast-seo-wordpress\/ -->\n<title>Cookie Policy | Bonanomi Saulle | Stampaggio a caldo dell&#039;acciaio | Erba<\/title>\n<meta name=\"robots\" content=\"index, follow, max-snippet:-1, max-image-preview:large, max-video-preview:-1\" \/>\n<link rel=\"canonical\" href=\"https:\/\/www.bonanomisaulle.it\/de\/cookie-policy\/\" \/>\n<meta property=\"og:locale\" content=\"de_DE\" \/>\n<meta property=\"og:type\" content=\"article\" \/>\n<meta property=\"og:title\" content=\"Cookie Policy | Bonanomi Saulle | Stampaggio a caldo dell&#039;acciaio | Erba\" \/>\n<meta property=\"og:description\" content=\"Informativa privacy ai sensi dell&#8217;art.13 del regolamento UE 2016\/679 Relativa ai trattamenti effettuati tramite il sito inclusi i cookie Per noi la protezione dei dati \u00e8 un argomento molto serio per cui desideriamo informarLa in merito alla modalit\u00e0 con la quale i dati vengono trattati e ai diritti che Lei pu\u00f2 esercitare ai sensi del\" \/>\n<meta property=\"og:url\" content=\"https:\/\/www.bonanomisaulle.it\/de\/cookie-policy\/\" \/>\n<meta property=\"og:site_name\" content=\"Bonanomi Saulle\" \/>\n<meta property=\"article:modified_time\" content=\"2023-06-20T08:24:50+00:00\" \/>\n<meta property=\"og:image\" content=\"https:\/\/www.bonanomisaulle.it\/wp-content\/uploads\/2022\/10\/FORCELLA-X-BANDA-IN-ALTO-min-2.jpg\" \/>\n\t<meta property=\"og:image:width\" content=\"1920\" \/>\n\t<meta property=\"og:image:height\" content=\"400\" \/>\n\t<meta property=\"og:image:type\" content=\"image\/jpeg\" \/>\n<meta name=\"twitter:card\" content=\"summary_large_image\" \/>\n<meta name=\"twitter:label1\" content=\"Gesch\u00e4tzte Lesezeit\" \/>\n\t<meta name=\"twitter:data1\" content=\"7\u00a0Minuten\" \/>\n<script type=\"application\/ld+json\" class=\"yoast-schema-graph\">{\"@context\":\"https:\\\/\\\/schema.org\",\"@graph\":[{\"@type\":\"WebPage\",\"@id\":\"https:\\\/\\\/www.bonanomisaulle.it\\\/de\\\/cookie-policy\\\/\",\"url\":\"https:\\\/\\\/www.bonanomisaulle.it\\\/de\\\/cookie-policy\\\/\",\"name\":\"Cookie Policy | Bonanomi Saulle | Stampaggio a caldo dell'acciaio | Erba\",\"isPartOf\":{\"@id\":\"https:\\\/\\\/www.bonanomisaulle.it\\\/de\\\/#website\"},\"primaryImageOfPage\":{\"@id\":\"https:\\\/\\\/www.bonanomisaulle.it\\\/de\\\/cookie-policy\\\/#primaryimage\"},\"image\":{\"@id\":\"https:\\\/\\\/www.bonanomisaulle.it\\\/de\\\/cookie-policy\\\/#primaryimage\"},\"thumbnailUrl\":\"https:\\\/\\\/www.bonanomisaulle.it\\\/wp-content\\\/uploads\\\/2022\\\/10\\\/FORCELLA-X-BANDA-IN-ALTO-min-2.jpg\",\"datePublished\":\"2022-07-26T08:36:50+00:00\",\"dateModified\":\"2023-06-20T08:24:50+00:00\",\"breadcrumb\":{\"@id\":\"https:\\\/\\\/www.bonanomisaulle.it\\\/de\\\/cookie-policy\\\/#breadcrumb\"},\"inLanguage\":\"de\",\"potentialAction\":[{\"@type\":\"ReadAction\",\"target\":[\"https:\\\/\\\/www.bonanomisaulle.it\\\/de\\\/cookie-policy\\\/\"]}]},{\"@type\":\"ImageObject\",\"inLanguage\":\"de\",\"@id\":\"https:\\\/\\\/www.bonanomisaulle.it\\\/de\\\/cookie-policy\\\/#primaryimage\",\"url\":\"https:\\\/\\\/www.bonanomisaulle.it\\\/wp-content\\\/uploads\\\/2022\\\/10\\\/FORCELLA-X-BANDA-IN-ALTO-min-2.jpg\",\"contentUrl\":\"https:\\\/\\\/www.bonanomisaulle.it\\\/wp-content\\\/uploads\\\/2022\\\/10\\\/FORCELLA-X-BANDA-IN-ALTO-min-2.jpg\",\"width\":1920,\"height\":400},{\"@type\":\"BreadcrumbList\",\"@id\":\"https:\\\/\\\/www.bonanomisaulle.it\\\/de\\\/cookie-policy\\\/#breadcrumb\",\"itemListElement\":[{\"@type\":\"ListItem\",\"position\":1,\"name\":\"Home\",\"item\":\"https:\\\/\\\/www.bonanomisaulle.it\\\/de\\\/\"},{\"@type\":\"ListItem\",\"position\":2,\"name\":\"Cookie Policy\"}]},{\"@type\":\"WebSite\",\"@id\":\"https:\\\/\\\/www.bonanomisaulle.it\\\/de\\\/#website\",\"url\":\"https:\\\/\\\/www.bonanomisaulle.it\\\/de\\\/\",\"name\":\"Bonanomi Saulle\",\"description\":\"Stampaggio del metallo a caldo\",\"potentialAction\":[{\"@type\":\"SearchAction\",\"target\":{\"@type\":\"EntryPoint\",\"urlTemplate\":\"https:\\\/\\\/www.bonanomisaulle.it\\\/de\\\/?s={search_term_string}\"},\"query-input\":{\"@type\":\"PropertyValueSpecification\",\"valueRequired\":true,\"valueName\":\"search_term_string\"}}],\"inLanguage\":\"de\"}]}<\/script>\n<!-- \/ Yoast SEO plugin. -->","yoast_head_json":{"title":"Cookie Policy | Bonanomi Saulle | Stampaggio a caldo dell'acciaio | Erba","robots":{"index":"index","follow":"follow","max-snippet":"max-snippet:-1","max-image-preview":"max-image-preview:large","max-video-preview":"max-video-preview:-1"},"canonical":"https:\/\/www.bonanomisaulle.it\/de\/cookie-policy\/","og_locale":"de_DE","og_type":"article","og_title":"Cookie Policy | Bonanomi Saulle | Stampaggio a caldo dell'acciaio | Erba","og_description":"Informativa privacy ai sensi dell&#8217;art.13 del regolamento UE 2016\/679 Relativa ai trattamenti effettuati tramite il sito inclusi i cookie Per noi la protezione dei dati \u00e8 un argomento molto serio per cui desideriamo informarLa in merito alla modalit\u00e0 con la quale i dati vengono trattati e ai diritti che Lei pu\u00f2 esercitare ai sensi del","og_url":"https:\/\/www.bonanomisaulle.it\/de\/cookie-policy\/","og_site_name":"Bonanomi Saulle","article_modified_time":"2023-06-20T08:24:50+00:00","og_image":[{"width":1920,"height":400,"url":"https:\/\/www.bonanomisaulle.it\/wp-content\/uploads\/2022\/10\/FORCELLA-X-BANDA-IN-ALTO-min-2.jpg","type":"image\/jpeg"}],"twitter_card":"summary_large_image","twitter_misc":{"Gesch\u00e4tzte Lesezeit":"7\u00a0Minuten"},"schema":{"@context":"https:\/\/schema.org","@graph":[{"@type":"WebPage","@id":"https:\/\/www.bonanomisaulle.it\/de\/cookie-policy\/","url":"https:\/\/www.bonanomisaulle.it\/de\/cookie-policy\/","name":"Cookie Policy | Bonanomi Saulle | Stampaggio a caldo dell'acciaio | Erba","isPartOf":{"@id":"https:\/\/www.bonanomisaulle.it\/de\/#website"},"primaryImageOfPage":{"@id":"https:\/\/www.bonanomisaulle.it\/de\/cookie-policy\/#primaryimage"},"image":{"@id":"https:\/\/www.bonanomisaulle.it\/de\/cookie-policy\/#primaryimage"},"thumbnailUrl":"https:\/\/www.bonanomisaulle.it\/wp-content\/uploads\/2022\/10\/FORCELLA-X-BANDA-IN-ALTO-min-2.jpg","datePublished":"2022-07-26T08:36:50+00:00","dateModified":"2023-06-20T08:24:50+00:00","breadcrumb":{"@id":"https:\/\/www.bonanomisaulle.it\/de\/cookie-policy\/#breadcrumb"},"inLanguage":"de","potentialAction":[{"@type":"ReadAction","target":["https:\/\/www.bonanomisaulle.it\/de\/cookie-policy\/"]}]},{"@type":"ImageObject","inLanguage":"de","@id":"https:\/\/www.bonanomisaulle.it\/de\/cookie-policy\/#primaryimage","url":"https:\/\/www.bonanomisaulle.it\/wp-content\/uploads\/2022\/10\/FORCELLA-X-BANDA-IN-ALTO-min-2.jpg","contentUrl":"https:\/\/www.bonanomisaulle.it\/wp-content\/uploads\/2022\/10\/FORCELLA-X-BANDA-IN-ALTO-min-2.jpg","width":1920,"height":400},{"@type":"BreadcrumbList","@id":"https:\/\/www.bonanomisaulle.it\/de\/cookie-policy\/#breadcrumb","itemListElement":[{"@type":"ListItem","position":1,"name":"Home","item":"https:\/\/www.bonanomisaulle.it\/de\/"},{"@type":"ListItem","position":2,"name":"Cookie Policy"}]},{"@type":"WebSite","@id":"https:\/\/www.bonanomisaulle.it\/de\/#website","url":"https:\/\/www.bonanomisaulle.it\/de\/","name":"Bonanomi Saulle","description":"Stampaggio del metallo a caldo","potentialAction":[{"@type":"SearchAction","target":{"@type":"EntryPoint","urlTemplate":"https:\/\/www.bonanomisaulle.it\/de\/?s={search_term_string}"},"query-input":{"@type":"PropertyValueSpecification","valueRequired":true,"valueName":"search_term_string"}}],"inLanguage":"de"}]}},"_links":{"self":[{"href":"https:\/\/www.bonanomisaulle.it\/de\/wp-json\/wp\/v2\/pages\/6128","targetHints":{"allow":["GET"]}}],"collection":[{"href":"https:\/\/www.bonanomisaulle.it\/de\/wp-json\/wp\/v2\/pages"}],"about":[{"href":"https:\/\/www.bonanomisaulle.it\/de\/wp-json\/wp\/v2\/types\/page"}],"author":[{"embeddable":true,"href":"https:\/\/www.bonanomisaulle.it\/de\/wp-json\/wp\/v2\/users\/1"}],"replies":[{"embeddable":true,"href":"https:\/\/www.bonanomisaulle.it\/de\/wp-json\/wp\/v2\/comments?post=6128"}],"version-history":[{"count":2,"href":"https:\/\/www.bonanomisaulle.it\/de\/wp-json\/wp\/v2\/pages\/6128\/revisions"}],"predecessor-version":[{"id":6915,"href":"https:\/\/www.bonanomisaulle.it\/de\/wp-json\/wp\/v2\/pages\/6128\/revisions\/6915"}],"wp:featuredmedia":[{"embeddable":true,"href":"https:\/\/www.bonanomisaulle.it\/de\/wp-json\/wp\/v2\/media\/6518"}],"wp:attachment":[{"href":"https:\/\/www.bonanomisaulle.it\/de\/wp-json\/wp\/v2\/media?parent=6128"}],"curies":[{"name":"wp","href":"https:\/\/api.w.org\/{rel}","templated":true}]}}